{"id":985,"date":"2023-05-19T06:30:42","date_gmt":"2023-05-19T09:30:42","guid":{"rendered":"https:\/\/demosites.royal-elementor-addons.com\/home-care-v1\/?page_id=7"},"modified":"2023-07-04T22:08:18","modified_gmt":"2023-07-05T01:08:18","slug":"about","status":"publish","type":"page","link":"https:\/\/carismapallets.com.br\/?page_id=985","title":{"rendered":"Sobre N\u00f3s"},"content":{"rendered":"\t\t<div data-elementor-type=\"wp-page\" data-elementor-id=\"985\" class=\"elementor elementor-985\">\n\t\t\t\t\t\t<section class=\"elementor-section elementor-top-section elementor-element elementor-element-b64a53b elementor-section-height-min-height elementor-section-boxed elementor-section-height-default elementor-section-items-middle wpr-particle-no wpr-jarallax-no wpr-parallax-no wpr-sticky-section-no\" data-id=\"b64a53b\" data-element_type=\"section\" data-settings=\"{&quot;background_background&quot;:&quot;classic&quot;,&quot;shape_divider_bottom&quot;:&quot;tilt&quot;}\">\n\t\t\t\t\t\t\t<div class=\"elementor-background-overlay\"><\/div>\n\t\t\t\t\t\t<div class=\"elementor-shape elementor-shape-bottom\" data-negative=\"false\">\n\t\t\t<svg xmlns=\"http:\/\/www.w3.org\/2000\/svg\" viewBox=\"0 0 1000 100\" preserveAspectRatio=\"none\">\n\t<path class=\"elementor-shape-fill\" d=\"M0,6V0h1000v100L0,6z\"\/>\n<\/svg>\t\t<\/div>\n\t\t\t\t\t<div class=\"elementor-container elementor-column-gap-default\">\n\t\t\t\t\t<div class=\"elementor-column elementor-col-100 elementor-top-column elementor-element elementor-element-1d1df3e\" data-id=\"1d1df3e\" data-element_type=\"column\">\n\t\t\t<div class=\"elementor-widget-wrap elementor-element-populated\">\n\t\t\t\t\t\t<div class=\"elementor-element elementor-element-9e00986 elementor-widget elementor-widget-heading\" data-id=\"9e00986\" data-element_type=\"widget\" data-widget_type=\"heading.default\">\n\t\t\t\t<div class=\"elementor-widget-container\">\n\t\t\t<style>\/*! elementor - v3.23.0 - 05-08-2024 *\/\n.elementor-heading-title{padding:0;margin:0;line-height:1}.elementor-widget-heading .elementor-heading-title[class*=elementor-size-]>a{color:inherit;font-size:inherit;line-height:inherit}.elementor-widget-heading .elementor-heading-title.elementor-size-small{font-size:15px}.elementor-widget-heading .elementor-heading-title.elementor-size-medium{font-size:19px}.elementor-widget-heading .elementor-heading-title.elementor-size-large{font-size:29px}.elementor-widget-heading .elementor-heading-title.elementor-size-xl{font-size:39px}.elementor-widget-heading .elementor-heading-title.elementor-size-xxl{font-size:59px}<\/style><h2 class=\"elementor-heading-title elementor-size-default\">Sobre N\u00f3s<\/h2>\t\t<\/div>\n\t\t\t\t<\/div>\n\t\t\t\t\t<\/div>\n\t\t<\/div>\n\t\t\t\t\t<\/div>\n\t\t<\/section>\n\t\t\t\t<section class=\"elementor-section elementor-top-section elementor-element elementor-element-91f6c18 elementor-section-boxed elementor-section-height-default elementor-section-height-default wpr-particle-no wpr-jarallax-no wpr-parallax-no wpr-sticky-section-no\" data-id=\"91f6c18\" data-element_type=\"section\">\n\t\t\t\t\t\t<div class=\"elementor-container elementor-column-gap-default\">\n\t\t\t\t\t<div class=\"elementor-column elementor-col-50 elementor-top-column elementor-element elementor-element-06eb135\" data-id=\"06eb135\" data-element_type=\"column\">\n\t\t\t<div class=\"elementor-widget-wrap elementor-element-populated\">\n\t\t\t\t\t\t<div class=\"elementor-element elementor-element-c5a29b6 elementor-widget elementor-widget-heading\" data-id=\"c5a29b6\" data-element_type=\"widget\" data-widget_type=\"heading.default\">\n\t\t\t\t<div class=\"elementor-widget-container\">\n\t\t\t<h2 class=\"elementor-heading-title elementor-size-default\">Sobre  a Carisma <\/h2>\t\t<\/div>\n\t\t\t\t<\/div>\n\t\t\t\t<div class=\"elementor-element elementor-element-af8dac8 elementor-widget elementor-widget-text-editor\" data-id=\"af8dac8\" data-element_type=\"widget\" data-widget_type=\"text-editor.default\">\n\t\t\t\t<div class=\"elementor-widget-container\">\n\t\t\t<style>\/*! elementor - v3.23.0 - 05-08-2024 *\/\n.elementor-widget-text-editor.elementor-drop-cap-view-stacked .elementor-drop-cap{background-color:#69727d;color:#fff}.elementor-widget-text-editor.elementor-drop-cap-view-framed .elementor-drop-cap{color:#69727d;border:3px solid;background-color:transparent}.elementor-widget-text-editor:not(.elementor-drop-cap-view-default) .elementor-drop-cap{margin-top:8px}.elementor-widget-text-editor:not(.elementor-drop-cap-view-default) .elementor-drop-cap-letter{width:1em;height:1em}.elementor-widget-text-editor .elementor-drop-cap{float:left;text-align:center;line-height:1;font-size:50px}.elementor-widget-text-editor .elementor-drop-cap-letter{display:inline-block}<\/style>\t\t\t\t<p><br \/>A Carisma \u00e9 uma renomada fabricante de pallets de madeira, reconhecida pela qualidade superior de seus produtos e pelo compromisso com a sustentabilidade. Nossa equipe altamente capacitada e nossa infraestrutura moderna nos permitem oferecer uma ampla gama de solu\u00e7\u00f5es personalizadas, atendendo \u00e0s demandas espec\u00edficas de cada cliente.<\/p><p>Nosso foco est\u00e1 em fornecer pallets dur\u00e1veis, resistentes e de alto desempenho, garantindo a seguran\u00e7a e a efici\u00eancia no transporte e armazenamento de suas cargas. Utilizamos madeira de fontes respons\u00e1veis e seguimos rigorosos padr\u00f5es de produ\u00e7\u00e3o, garantindo a conformidade com todas as normas e regulamentos aplic\u00e1veis.<\/p><p>Al\u00e9m disso, nossa log\u00edstica eficiente e nossa frota pr\u00f3pria nos permitem realizar entregas pontuais em todo o territ\u00f3rio. Valorizamos a satisfa\u00e7\u00e3o do cliente e buscamos estabelecer parcerias de longo prazo, oferecendo suporte t\u00e9cnico especializado e um atendimento personalizado em todas as etapas do processo.<\/p><p>Ao escolher a Carisma como sua fornecedora de pallets de madeira, voc\u00ea ter\u00e1 a tranquilidade de estar trabalhando com uma empresa confi\u00e1vel, comprometida em fornecer produtos da mais alta qualidade, sustent\u00e1veis e adaptados \u00e0s suas necessidades espec\u00edficas. Conte conosco para impulsionar a efici\u00eancia e o sucesso das suas opera\u00e7\u00f5es log\u00edsticas.<\/p>\t\t\t\t\t\t<\/div>\n\t\t\t\t<\/div>\n\t\t\t\t\t<\/div>\n\t\t<\/div>\n\t\t\t\t<div class=\"elementor-column elementor-col-50 elementor-top-column elementor-element elementor-element-ecb786b elementor-hidden-tablet elementor-hidden-mobile\" data-id=\"ecb786b\" data-element_type=\"column\">\n\t\t\t<div class=\"elementor-widget-wrap elementor-element-populated\">\n\t\t\t\t\t\t<div class=\"elementor-element elementor-element-bef0d06 elementor-widget elementor-widget-image\" data-id=\"bef0d06\" data-element_type=\"widget\" data-widget_type=\"image.default\">\n\t\t\t\t<div class=\"elementor-widget-container\">\n\t\t\t<style>\/*! elementor - v3.23.0 - 05-08-2024 *\/\n.elementor-widget-image{text-align:center}.elementor-widget-image a{display:inline-block}.elementor-widget-image a img[src$=\".svg\"]{width:48px}.elementor-widget-image img{vertical-align:middle;display:inline-block}<\/style>\t\t\t\t\t\t\t\t\t\t<img fetchpriority=\"high\" decoding=\"async\" width=\"960\" height=\"960\" src=\"https:\/\/carismapallets.com.br\/wp-content\/uploads\/2023\/06\/2-1.png\" class=\"attachment-large size-large wp-image-863\" alt=\"\" srcset=\"https:\/\/carismapallets.com.br\/wp-content\/uploads\/2023\/06\/2-1.png 1024w, https:\/\/carismapallets.com.br\/wp-content\/uploads\/2023\/06\/2-1-300x300.png 300w, https:\/\/carismapallets.com.br\/wp-content\/uploads\/2023\/06\/2-1-150x150.png 150w, https:\/\/carismapallets.com.br\/wp-content\/uploads\/2023\/06\/2-1-768x768.png 768w\" sizes=\"(max-width: 960px) 100vw, 960px\" \/>\t\t\t\t\t\t\t\t\t\t\t\t\t<\/div>\n\t\t\t\t<\/div>\n\t\t\t\t\t<\/div>\n\t\t<\/div>\n\t\t\t\t\t<\/div>\n\t\t<\/section>\n\t\t\t\t<\/div>\n\t\t","protected":false},"excerpt":{"rendered":"<p>Sobre N\u00f3s Sobre a Carisma A Carisma \u00e9 uma renomada fabricante de pallets de madeira, reconhecida pela qualidade superior de seus produtos e pelo compromisso com a sustentabilidade. Nossa equipe altamente capacitada e nossa infraestrutura moderna nos permitem oferecer uma ampla gama de solu\u00e7\u00f5es personalizadas, atendendo \u00e0s demandas espec\u00edficas de cada cliente. Nosso foco est\u00e1 [&hellip;]<\/p>\n","protected":false},"author":1,"featured_media":0,"parent":0,"menu_order":0,"comment_status":"closed","ping_status":"closed","template":"elementor_canvas","meta":[],"_links":{"self":[{"href":"https:\/\/carismapallets.com.br\/index.php?rest_route=\/wp\/v2\/pages\/985"}],"collection":[{"href":"https:\/\/carismapallets.com.br\/index.php?rest_route=\/wp\/v2\/pages"}],"about":[{"href":"https:\/\/carismapallets.com.br\/index.php?rest_route=\/wp\/v2\/types\/page"}],"author":[{"embeddable":true,"href":"https:\/\/carismapallets.com.br\/index.php?rest_route=\/wp\/v2\/users\/1"}],"replies":[{"embeddable":true,"href":"https:\/\/carismapallets.com.br\/index.php?rest_route=%2Fwp%2Fv2%2Fcomments&post=985"}],"version-history":[{"count":10,"href":"https:\/\/carismapallets.com.br\/index.php?rest_route=\/wp\/v2\/pages\/985\/revisions"}],"predecessor-version":[{"id":1344,"href":"https:\/\/carismapallets.com.br\/index.php?rest_route=\/wp\/v2\/pages\/985\/revisions\/1344"}],"wp:attachment":[{"href":"https:\/\/carismapallets.com.br\/index.php?rest_route=%2Fwp%2Fv2%2Fmedia&parent=985"}],"curies":[{"name":"wp","href":"https:\/\/api.w.org\/{rel}","templated":true}]}}